{"id":10929,"date":"2022-06-29T23:19:53","date_gmt":"2022-06-29T21:19:53","guid":{"rendered":"https:\/\/lukaszfurs.com\/site\/?page_id=10929"},"modified":"2022-12-13T14:19:50","modified_gmt":"2022-12-13T13:19:50","slug":"privacypolicy","status":"publish","type":"page","link":"https:\/\/lukaszfurs.com\/site\/privacypolicy\/","title":{"rendered":"Privacy Policy"},"content":{"rendered":"\n<h2 class=\"wp-block-heading\"><strong>Studio Lukasz Furs<\/strong><\/h2>\n\n\n\n<p>Erich-Weinert-Str. 8<br>10439 Berlin<br><br>Our website address is: https:\/\/lukaszfurs.com\/<\/p>\n\n\n\n<p>Angaben gem\u00e4\u00df \u00a7 5 TMG<\/p>\n\n\n\n<h2 class=\"wp-block-heading\"><strong>Haftung f\u00fcr Inhalte<\/strong><\/h2>\n\n\n\n<p>Die Inhalte unserer Seiten wurden mit gr\u00f6\u00dfter Sorgfalt erstellt. F\u00fcr die Richtigkeit, Vollst\u00e4ndigkeit und Aktualit\u00e4t der Inhalte k\u00f6nnen wir jedoch keine Gew\u00e4hr \u00fcbernehmen. Als Diensteanbieter sind wir gem\u00e4\u00df \u00a7 7 Abs.1 TMG f\u00fcr eigene Inhalte auf diesen Seiten nach den allgemeinen Gesetzen verantwortlich. Nach \u00a7\u00a7 8 bis 10 TMG sind wir als Diensteanbieter jedoch nicht verpflichtet, \u00fcbermittelte oder gespeicherte fremde Informationen zu \u00fcberwachen oder nach Umst\u00e4nden zu forschen, die auf eine rechtswidrige T\u00e4tigkeit hinweisen. Verpflichtungen zur Entfernung oder Sperrung der Nutzung von Informationen nach den allgemeinen Gesetzen bleiben hiervon unber\u00fchrt. Eine diesbez\u00fcgliche Haftung ist jedoch erst ab dem Zeitpunkt der Kenntnis einer konkreten Rechtsverletzung m\u00f6glich. Bei Bekanntwerden von entsprechenden Rechtsverletzungen werden wir diese Inhalte umgehend entfernen.<\/p>\n\n\n\n<h2 class=\"wp-block-heading\"><strong>Haftung f\u00fcr Links<\/strong><\/h2>\n\n\n\n<p>Unser Angebot enth\u00e4lt Links zu externen Webseiten Dritter, auf deren Inhalte wir keinen Einfluss haben. Deshalb k\u00f6nnen wir f\u00fcr diese fremden Inhalte auch keine Gew\u00e4hr \u00fcbernehmen. F\u00fcr die Inhalte der verlinkten Seiten ist stets der jeweilige Anbieter oder Betreiber der Seiten verantwortlich. Die verlinkten Seiten wurden zum Zeitpunkt der Verlinkung auf m\u00f6gliche Rechtsverst\u00f6\u00dfe \u00fcberpr\u00fcft. Rechtswidrige Inhalte waren zum Zeitpunkt der Verlinkung nicht erkennbar. Eine permanente inhaltliche Kontrolle der verlinkten Seiten ist jedoch ohne konkrete Anhaltspunkte einer Rechtsverletzung nicht zumutbar. Bei Bekanntwerden von Rechtsverletzungen werden wir derartige Links umgehend entfernen.<\/p>\n\n\n\n<h2 class=\"wp-block-heading\"><strong>Urheberrecht<\/strong><\/h2>\n\n\n\n<p>Die durch die Seitenbetreiber erstellten Inhalte und Werke auf diesen Seiten unterliegen dem deutschen Urheberrecht. Die Vervielf\u00e4ltigung, Bearbeitung, Verbreitung und jede Art der Verwertung au\u00dferhalb der Grenzen des Urheberrechtes bed\u00fcrfen der schriftlichen Zustimmung des jeweiligen Autors bzw. Erstellers. Downloads und Kopien dieser Seite sind nur f\u00fcr den privaten, nicht kommerziellen Gebrauch gestattet. Soweit die Inhalte auf dieser Seite nicht vom Betreiber erstellt wurden, werden die Urheberrechte Dritter beachtet. Insbesondere werden Inhalte Dritter als solche gekennzeichnet. Sollten Sie trotzdem auf eine Urheberrechtsverletzung aufmerksam werden, bitten wir um einen entsprechenden Hinweis. Bei Bekanntwerden von Rechtsverletzungen werden wir derartige Inhalte umgehend entfernen.<\/p>\n\n\n\n<h2 class=\"wp-block-heading\"><strong>Datenschutz<\/strong><\/h2>\n\n\n\n<p>Die Nutzung unserer Webseite ist in der Regel ohne Angabe personenbezogener Daten m\u00f6glich. Soweit auf unseren Seiten personenbezogene Daten (beispielsweise Name, Anschrift oder eMail-Adressen) erhoben werden, erfolgt dies, soweit m\u00f6glich, stets auf freiwilliger Basis. Diese Daten werden ohne Ihre ausdr\u00fcckliche Zustimmung nicht an Dritte weitergegeben. Wir weisen darauf hin, dass die Daten\u00fcbertragung im Internet (z.B. bei der Kommunikation per E-Mail) Sicherheitsl\u00fccken aufweisen kann. Ein l\u00fcckenloser Schutz der Daten vor dem Zugriff durch Dritte ist nicht m\u00f6glich. Der Nutzung von im Rahmen der Impressumspflicht ver\u00f6ffentlichten Kontaktdaten durch Dritte zur \u00dcbersendung von nicht ausdr\u00fccklich angeforderter Werbung und Informationsmaterialien wird hiermit ausdr\u00fccklich widersprochen. Die Betreiber der Seiten behalten sich ausdr\u00fccklich rechtliche Schritte im Falle der unverlangten Zusendung von Werbeinformationen, etwa durch Spam-Mails, vor.<\/p>\n\n\n\n<p><\/p>\n\n\n\n<h2 class=\"wp-block-heading\">English Version (Google Translation)<\/h2>\n\n\n\n<h2 class=\"wp-block-heading\">Liability for Content<\/h2>\n\n\n\n<p>The contents of our pages were created with great care. However, we cannot guarantee that the content is correct, complete or up-to-date. As a service provider, we are responsible for our own content on these pages according to Section 7, Paragraph 1 of the German Telemedia Act (TMG). According to \u00a7\u00a7 8 to 10 TMG, however, we as a service provider are not obliged to monitor transmitted or stored third-party information or to investigate circumstances that indicate illegal activity. Obligations to remove or block the use of information according to general laws remain unaffected. However, liability in this regard is only possible from the point in time at which knowledge of a specific infringement of the law is known. As soon as we become aware of any violations of the law, we will remove this content immediately.<\/p>\n\n\n\n<h2 class=\"wp-block-heading\">Liability for Links<\/h2>\n\n\n\n<p>Our offer contains links to external third-party websites, the content of which we have no influence on. Therefore we cannot assume any liability for this external content. The respective provider or operator of the pages is always responsible for the content of the linked pages. The linked pages were checked for possible legal violations at the time of linking. Illegal content was not recognizable at the time of linking. However, a permanent control of the content of the linked pages is not reasonable without concrete evidence of an infringement. As soon as we become aware of legal violations, we will remove such links immediately.<\/p>\n\n\n\n<h2 class=\"wp-block-heading\">Copyright<\/h2>\n\n\n\n<p>The content and works on these pages created by the site operators are subject to German copyright law. The duplication, editing, distribution and any kind of exploitation outside the limits of copyright require the written consent of the respective author or creator. Downloads and copies of this site are only permitted for private, non-commercial use. Insofar as the content on this site was not created by the operator, the copyrights of third parties are observed. In particular contents of third parties are marked as such. Should you nevertheless become aware of a copyright infringement, we ask that you inform us accordingly. As soon as we become aware of legal violations, we will remove such content immediately.<\/p>\n\n\n\n<h2 class=\"wp-block-heading\">Privacy<\/h2>\n\n\n\n<p>Our website can usually be used without providing any personal data. Insofar as personal data (e.g. name, address or e-mail addresses) is collected on our website, this is always done on a voluntary basis as far as possible. This data will not be passed on to third parties without your express consent. We would like to point out that data transmission on the Internet (e.g. when communicating by e-mail) can have security gaps. A complete protection of the data against access by third parties is not possible. The use of contact data published as part of the imprint obligation by third parties to send unsolicited advertising and information material is hereby expressly prohibited. The site operators expressly reserve the right to take legal action in the event of unsolicited advertising being sent, such as spam e-mails.<\/p>\n","protected":false},"excerpt":{"rendered":"<p>Studio Lukasz Furs Erich-Weinert-Str. 810439 Berlin Our website address is: https:\/\/lukaszfurs.com\/ Angaben gem\u00e4\u00df \u00a7 5 TMG Haftung f\u00fcr Inhalte Die Inhalte unserer Seiten wurden mit gr\u00f6\u00dfter Sorgfalt erstellt. F\u00fcr die Richtigkeit, Vollst\u00e4ndigkeit und Aktualit\u00e4t der Inhalte k\u00f6nnen wir jedoch keine Gew\u00e4hr \u00fcbernehmen. Als Diensteanbieter sind wir gem\u00e4\u00df \u00a7 7 Abs.1 TMG f\u00fcr eigene Inhalte auf [&hellip;]<\/p>\n<a class=\"read-more-link\" href=\" https:\/\/lukaszfurs.com\/site\/privacypolicy\/ \">Explore more<\/a>","protected":false},"author":1,"featured_media":0,"parent":0,"menu_order":0,"comment_status":"closed","ping_status":"closed","template":"","meta":{"_coblocks_attr":"","_coblocks_dimensions":"","_coblocks_responsive_height":"","_coblocks_accordion_ie_support":"","advanced_seo_description":"","jetpack_seo_html_title":"","jetpack_seo_noindex":false,"_vp_format_video_url":"","_vp_image_focal_point":[],"footnotes":""},"class_list":["post-10929","page","type-page","status-publish","hentry"],"jetpack-related-posts":[],"jetpack_shortlink":"https:\/\/wp.me\/Pd0PkC-2Qh","jetpack_sharing_enabled":true,"_links":{"self":[{"href":"https:\/\/lukaszfurs.com\/site\/wp-json\/wp\/v2\/pages\/10929","targetHints":{"allow":["GET"]}}],"collection":[{"href":"https:\/\/lukaszfurs.com\/site\/wp-json\/wp\/v2\/pages"}],"about":[{"href":"https:\/\/lukaszfurs.com\/site\/wp-json\/wp\/v2\/types\/page"}],"author":[{"embeddable":true,"href":"https:\/\/lukaszfurs.com\/site\/wp-json\/wp\/v2\/users\/1"}],"replies":[{"embeddable":true,"href":"https:\/\/lukaszfurs.com\/site\/wp-json\/wp\/v2\/comments?post=10929"}],"version-history":[{"count":9,"href":"https:\/\/lukaszfurs.com\/site\/wp-json\/wp\/v2\/pages\/10929\/revisions"}],"predecessor-version":[{"id":11423,"href":"https:\/\/lukaszfurs.com\/site\/wp-json\/wp\/v2\/pages\/10929\/revisions\/11423"}],"wp:attachment":[{"href":"https:\/\/lukaszfurs.com\/site\/wp-json\/wp\/v2\/media?parent=10929"}],"curies":[{"name":"wp","href":"https:\/\/api.w.org\/{rel}","templated":true}]}}